{"id":1234,"date":"2023-03-31T06:02:52","date_gmt":"2023-03-31T06:02:52","guid":{"rendered":"https:\/\/www.podere-giardino.it\/?post_type=product&#038;p=1234"},"modified":"2025-02-27T12:45:58","modified_gmt":"2025-02-27T10:45:58","slug":"le-verticali-rose","status":"publish","type":"product","link":"https:\/\/www.podere-giardino.it\/en\/product\/le-verticali-rose\/","title":{"rendered":"Le Verticali &#8211; Ros\u00e9"},"content":{"rendered":"<p>Un tris da non perdere, la nostra famiglia di ros\u00e9:<br \/>\n<strong>Kind of Wine<\/strong> &#8211; Lambrusco Reggiano DOP &#8211; ros\u00e9 frizzante secco<br \/>\n<strong>A love supreme<\/strong> &#8211; Lambrusco Emilia IGP &#8211; Spumante ros\u00e9<br \/>\n<strong>Segnali di vita<\/strong> &#8211; Lambrusco Emilia IGP &#8211; ros\u00e9 frizzante secco<\/p>\n","protected":false},"excerpt":{"rendered":"<p>Un tris da non perdere, la nostra famiglia di ros\u00e9:<br \/>\n<strong>Kind of Wine<\/strong> &#8211; Lambrusco Reggiano DOP &#8211; ros\u00e9 frizzante secco<br \/>\n<strong>A love supreme<\/strong> &#8211; Lambrusco Emilia IGP &#8211; Spumante ros\u00e9<br \/>\n<strong>Segnali di vita<\/strong> &#8211; Lambrusco Emilia IGP &#8211; ros\u00e9 frizzante secco<\/p>\n","protected":false},"featured_media":1235,"template":"","meta":{"_acf_changed":false,"_genesis_hide_title":false,"_genesis_hide_breadcrumbs":false,"_genesis_hide_singular_image":false,"_genesis_hide_footer_widgets":false,"_genesis_custom_body_class":"","_genesis_custom_post_class":"","_genesis_layout":""},"product_brand":[],"product_cat":[35,34],"product_tag":[],"class_list":{"0":"post-1234","1":"product","2":"type-product","3":"status-publish","4":"has-post-thumbnail","6":"product_cat-confezioni-miste","7":"product_cat-offerte","8":"entry","10":"first","11":"instock","12":"sale","13":"taxable","14":"shipping-taxable","15":"purchasable","16":"product-type-simple"},"acf":[],"mb":[],"yoast_head":"<!-- This site is optimized with the Yoast SEO plugin v27.3 - https:\/\/yoast.com\/product\/yoast-seo-wordpress\/ -->\n<title>Le Verticali - Ros\u00e9 - Podere Giardino<\/title>\n<meta name=\"robots\" content=\"index, follow, max-snippet:-1, max-image-preview:large, max-video-preview:-1\" \/>\n<link rel=\"canonical\" href=\"https:\/\/www.podere-giardino.it\/en\/product\/le-verticali-rose\/\" \/>\n<meta property=\"og:locale\" content=\"en_US\" \/>\n<meta property=\"og:type\" content=\"article\" \/>\n<meta property=\"og:title\" content=\"Le Verticali - Ros\u00e9 - Podere Giardino\" \/>\n<meta property=\"og:description\" content=\"Un tris da non perdere, la nostra famiglia di ros\u00e9: Kind of Wine - Lambrusco Reggiano DOP - ros\u00e9 frizzante secco A love supreme - Lambrusco Emilia IGP - Spumante ros\u00e9 Segnali di vita - Lambrusco Emilia IGP - ros\u00e9 frizzante secco\" \/>\n<meta property=\"og:url\" content=\"https:\/\/www.podere-giardino.it\/en\/product\/le-verticali-rose\/\" \/>\n<meta property=\"og:site_name\" content=\"Podere Giardino\" \/>\n<meta property=\"article:publisher\" content=\"https:\/\/www.facebook.com\/Podere.Giardino.RE\" \/>\n<meta property=\"article:modified_time\" content=\"2025-02-27T10:45:58+00:00\" \/>\n<meta property=\"og:image\" content=\"https:\/\/www.podere-giardino.it\/wp-content\/uploads\/2023\/05\/Offerte-rose-podere-giardino.jpg\" \/>\n\t<meta property=\"og:image:width\" content=\"700\" \/>\n\t<meta property=\"og:image:height\" content=\"700\" \/>\n\t<meta property=\"og:image:type\" content=\"image\/jpeg\" \/>\n<meta name=\"twitter:card\" content=\"summary_large_image\" \/>\n<meta name=\"twitter:label1\" content=\"Est. reading time\" \/>\n\t<meta name=\"twitter:data1\" content=\"1 minute\" \/>\n<script type=\"application\/ld+json\" class=\"yoast-schema-graph\">{\"@context\":\"https:\\\/\\\/schema.org\",\"@graph\":[{\"@type\":\"WebPage\",\"@id\":\"https:\\\/\\\/www.podere-giardino.it\\\/en\\\/product\\\/le-verticali-rose\\\/\",\"url\":\"https:\\\/\\\/www.podere-giardino.it\\\/en\\\/product\\\/le-verticali-rose\\\/\",\"name\":\"Le Verticali - Ros\u00e9 - Podere Giardino\",\"isPartOf\":{\"@id\":\"https:\\\/\\\/www.podere-giardino.it\\\/en\\\/#website\"},\"primaryImageOfPage\":{\"@id\":\"https:\\\/\\\/www.podere-giardino.it\\\/en\\\/product\\\/le-verticali-rose\\\/#primaryimage\"},\"image\":{\"@id\":\"https:\\\/\\\/www.podere-giardino.it\\\/en\\\/product\\\/le-verticali-rose\\\/#primaryimage\"},\"thumbnailUrl\":\"https:\\\/\\\/www.podere-giardino.it\\\/wp-content\\\/uploads\\\/2023\\\/05\\\/Offerte-rose-podere-giardino.jpg\",\"datePublished\":\"2023-03-31T06:02:52+00:00\",\"dateModified\":\"2025-02-27T10:45:58+00:00\",\"breadcrumb\":{\"@id\":\"https:\\\/\\\/www.podere-giardino.it\\\/en\\\/product\\\/le-verticali-rose\\\/#breadcrumb\"},\"inLanguage\":\"en-US\",\"potentialAction\":[{\"@type\":\"ReadAction\",\"target\":[\"https:\\\/\\\/www.podere-giardino.it\\\/en\\\/product\\\/le-verticali-rose\\\/\"]}]},{\"@type\":\"ImageObject\",\"inLanguage\":\"en-US\",\"@id\":\"https:\\\/\\\/www.podere-giardino.it\\\/en\\\/product\\\/le-verticali-rose\\\/#primaryimage\",\"url\":\"https:\\\/\\\/www.podere-giardino.it\\\/wp-content\\\/uploads\\\/2023\\\/05\\\/Offerte-rose-podere-giardino.jpg\",\"contentUrl\":\"https:\\\/\\\/www.podere-giardino.it\\\/wp-content\\\/uploads\\\/2023\\\/05\\\/Offerte-rose-podere-giardino.jpg\",\"width\":700,\"height\":700},{\"@type\":\"BreadcrumbList\",\"@id\":\"https:\\\/\\\/www.podere-giardino.it\\\/en\\\/product\\\/le-verticali-rose\\\/#breadcrumb\",\"itemListElement\":[{\"@type\":\"ListItem\",\"position\":1,\"name\":\"Home\",\"item\":\"https:\\\/\\\/www.podere-giardino.it\\\/en\\\/homepage\\\/\"},{\"@type\":\"ListItem\",\"position\":2,\"name\":\"Products\",\"item\":\"https:\\\/\\\/www.podere-giardino.it\\\/en\\\/shop\\\/\"},{\"@type\":\"ListItem\",\"position\":3,\"name\":\"Le Verticali &#8211; Ros\u00e9\"}]},{\"@type\":\"WebSite\",\"@id\":\"https:\\\/\\\/www.podere-giardino.it\\\/en\\\/#website\",\"url\":\"https:\\\/\\\/www.podere-giardino.it\\\/en\\\/\",\"name\":\"Podere Giardino\",\"description\":\"Vini DOP IGP dell&#039;Emilia Romagna biologici e naturali\",\"publisher\":{\"@id\":\"https:\\\/\\\/www.podere-giardino.it\\\/en\\\/#organization\"},\"potentialAction\":[{\"@type\":\"SearchAction\",\"target\":{\"@type\":\"EntryPoint\",\"urlTemplate\":\"https:\\\/\\\/www.podere-giardino.it\\\/en\\\/?s={search_term_string}\"},\"query-input\":{\"@type\":\"PropertyValueSpecification\",\"valueRequired\":true,\"valueName\":\"search_term_string\"}}],\"inLanguage\":\"en-US\"},{\"@type\":\"Organization\",\"@id\":\"https:\\\/\\\/www.podere-giardino.it\\\/en\\\/#organization\",\"name\":\"Podere Giardino\",\"url\":\"https:\\\/\\\/www.podere-giardino.it\\\/en\\\/\",\"logo\":{\"@type\":\"ImageObject\",\"inLanguage\":\"en-US\",\"@id\":\"https:\\\/\\\/www.podere-giardino.it\\\/en\\\/#\\\/schema\\\/logo\\\/image\\\/\",\"url\":\"https:\\\/\\\/www.podere-giardino.it\\\/wp-content\\\/uploads\\\/podere-giardino-logo-orizzontale-2.png\",\"contentUrl\":\"https:\\\/\\\/www.podere-giardino.it\\\/wp-content\\\/uploads\\\/podere-giardino-logo-orizzontale-2.png\",\"width\":300,\"height\":78,\"caption\":\"Podere Giardino\"},\"image\":{\"@id\":\"https:\\\/\\\/www.podere-giardino.it\\\/en\\\/#\\\/schema\\\/logo\\\/image\\\/\"},\"sameAs\":[\"https:\\\/\\\/www.facebook.com\\\/Podere.Giardino.RE\",\"https:\\\/\\\/www.instagram.com\\\/poderegiardino_wineryfarm\\\/\"]}]}<\/script>\n<!-- \/ Yoast SEO plugin. -->","yoast_head_json":{"title":"Le Verticali - Ros\u00e9 - Podere Giardino","robots":{"index":"index","follow":"follow","max-snippet":"max-snippet:-1","max-image-preview":"max-image-preview:large","max-video-preview":"max-video-preview:-1"},"canonical":"https:\/\/www.podere-giardino.it\/en\/product\/le-verticali-rose\/","og_locale":"en_US","og_type":"article","og_title":"Le Verticali - Ros\u00e9 - Podere Giardino","og_description":"Un tris da non perdere, la nostra famiglia di ros\u00e9: Kind of Wine - Lambrusco Reggiano DOP - ros\u00e9 frizzante secco A love supreme - Lambrusco Emilia IGP - Spumante ros\u00e9 Segnali di vita - Lambrusco Emilia IGP - ros\u00e9 frizzante secco","og_url":"https:\/\/www.podere-giardino.it\/en\/product\/le-verticali-rose\/","og_site_name":"Podere Giardino","article_publisher":"https:\/\/www.facebook.com\/Podere.Giardino.RE","article_modified_time":"2025-02-27T10:45:58+00:00","og_image":[{"width":700,"height":700,"url":"https:\/\/www.podere-giardino.it\/wp-content\/uploads\/2023\/05\/Offerte-rose-podere-giardino.jpg","type":"image\/jpeg"}],"twitter_card":"summary_large_image","twitter_misc":{"Est. reading time":"1 minute"},"schema":{"@context":"https:\/\/schema.org","@graph":[{"@type":"WebPage","@id":"https:\/\/www.podere-giardino.it\/en\/product\/le-verticali-rose\/","url":"https:\/\/www.podere-giardino.it\/en\/product\/le-verticali-rose\/","name":"Le Verticali - Ros\u00e9 - Podere Giardino","isPartOf":{"@id":"https:\/\/www.podere-giardino.it\/en\/#website"},"primaryImageOfPage":{"@id":"https:\/\/www.podere-giardino.it\/en\/product\/le-verticali-rose\/#primaryimage"},"image":{"@id":"https:\/\/www.podere-giardino.it\/en\/product\/le-verticali-rose\/#primaryimage"},"thumbnailUrl":"https:\/\/www.podere-giardino.it\/wp-content\/uploads\/2023\/05\/Offerte-rose-podere-giardino.jpg","datePublished":"2023-03-31T06:02:52+00:00","dateModified":"2025-02-27T10:45:58+00:00","breadcrumb":{"@id":"https:\/\/www.podere-giardino.it\/en\/product\/le-verticali-rose\/#breadcrumb"},"inLanguage":"en-US","potentialAction":[{"@type":"ReadAction","target":["https:\/\/www.podere-giardino.it\/en\/product\/le-verticali-rose\/"]}]},{"@type":"ImageObject","inLanguage":"en-US","@id":"https:\/\/www.podere-giardino.it\/en\/product\/le-verticali-rose\/#primaryimage","url":"https:\/\/www.podere-giardino.it\/wp-content\/uploads\/2023\/05\/Offerte-rose-podere-giardino.jpg","contentUrl":"https:\/\/www.podere-giardino.it\/wp-content\/uploads\/2023\/05\/Offerte-rose-podere-giardino.jpg","width":700,"height":700},{"@type":"BreadcrumbList","@id":"https:\/\/www.podere-giardino.it\/en\/product\/le-verticali-rose\/#breadcrumb","itemListElement":[{"@type":"ListItem","position":1,"name":"Home","item":"https:\/\/www.podere-giardino.it\/en\/homepage\/"},{"@type":"ListItem","position":2,"name":"Products","item":"https:\/\/www.podere-giardino.it\/en\/shop\/"},{"@type":"ListItem","position":3,"name":"Le Verticali &#8211; Ros\u00e9"}]},{"@type":"WebSite","@id":"https:\/\/www.podere-giardino.it\/en\/#website","url":"https:\/\/www.podere-giardino.it\/en\/","name":"Podere Giardino","description":"Vini DOP IGP dell&#039;Emilia Romagna biologici e naturali","publisher":{"@id":"https:\/\/www.podere-giardino.it\/en\/#organization"},"potentialAction":[{"@type":"SearchAction","target":{"@type":"EntryPoint","urlTemplate":"https:\/\/www.podere-giardino.it\/en\/?s={search_term_string}"},"query-input":{"@type":"PropertyValueSpecification","valueRequired":true,"valueName":"search_term_string"}}],"inLanguage":"en-US"},{"@type":"Organization","@id":"https:\/\/www.podere-giardino.it\/en\/#organization","name":"Podere Giardino","url":"https:\/\/www.podere-giardino.it\/en\/","logo":{"@type":"ImageObject","inLanguage":"en-US","@id":"https:\/\/www.podere-giardino.it\/en\/#\/schema\/logo\/image\/","url":"https:\/\/www.podere-giardino.it\/wp-content\/uploads\/podere-giardino-logo-orizzontale-2.png","contentUrl":"https:\/\/www.podere-giardino.it\/wp-content\/uploads\/podere-giardino-logo-orizzontale-2.png","width":300,"height":78,"caption":"Podere Giardino"},"image":{"@id":"https:\/\/www.podere-giardino.it\/en\/#\/schema\/logo\/image\/"},"sameAs":["https:\/\/www.facebook.com\/Podere.Giardino.RE","https:\/\/www.instagram.com\/poderegiardino_wineryfarm\/"]}]}},"mfb_rest_fields":["title","yoast_head","yoast_head_json"],"_links":{"self":[{"href":"https:\/\/www.podere-giardino.it\/en\/wp-json\/wp\/v2\/product\/1234","targetHints":{"allow":["GET"]}}],"collection":[{"href":"https:\/\/www.podere-giardino.it\/en\/wp-json\/wp\/v2\/product"}],"about":[{"href":"https:\/\/www.podere-giardino.it\/en\/wp-json\/wp\/v2\/types\/product"}],"wp:featuredmedia":[{"embeddable":true,"href":"https:\/\/www.podere-giardino.it\/en\/wp-json\/wp\/v2\/media\/1235"}],"wp:attachment":[{"href":"https:\/\/www.podere-giardino.it\/en\/wp-json\/wp\/v2\/media?parent=1234"}],"wp:term":[{"taxonomy":"product_brand","embeddable":true,"href":"https:\/\/www.podere-giardino.it\/en\/wp-json\/wp\/v2\/product_brand?post=1234"},{"taxonomy":"product_cat","embeddable":true,"href":"https:\/\/www.podere-giardino.it\/en\/wp-json\/wp\/v2\/product_cat?post=1234"},{"taxonomy":"product_tag","embeddable":true,"href":"https:\/\/www.podere-giardino.it\/en\/wp-json\/wp\/v2\/product_tag?post=1234"}],"curies":[{"name":"wp","href":"https:\/\/api.w.org\/{rel}","templated":true}]}}